{"id":106,"date":"2016-05-20T09:04:50","date_gmt":"2016-05-20T09:04:50","guid":{"rendered":"http:\/\/moinhodocomandante.com\/?page_id=106"},"modified":"2020-12-12T13:28:03","modified_gmt":"2020-12-12T13:28:03","slug":"servicos","status":"publish","type":"page","link":"http:\/\/moinhodocomandante.com\/en\/servicos\/","title":{"rendered":"Services"},"content":{"rendered":"<div class=\"col-xs-12 col-sm-12\">\u2022 <strong>Ck-in<\/strong> \u00a0\u00a0\u00a0\u00a0\u00a0\u00a0\u00a0\u00a014:00 &#8211; 18:00\u00a0 \u00a0 \u00a0 \u00a0 \u00a0for Late Ck-in, advise to get the entrance code<br \/>\n\u2022 <strong>Ck-out<\/strong>\u00a0 \u00a0 \u00a0 \u00a0 till\u00a0 \u00a0 \u00a011:30<br \/>\n\u2022 <strong>Breakfast<\/strong>\u00a0 \u00a0 \u00a008:00 &#8211; 10:00\u00a0 \u00a0 \u00a0 \u00a0 \u00a0in Regional Kitchen <strong>CR<\/strong><\/p>\n<hr \/>\n<\/div>\n<p><i class=\"fa fa-wifi\"><\/i> <strong>Wi\u00a0Fi Free. \u201c COMANDANTE &#8211; moinho123 \u201d + \u201c HUAWEI &#8211; 0 7 J 2 F 2 7 7\u00a04 6 1 \u201d<\/strong><\/p>\n<p><strong>TV\/\u00a0Parking<\/strong><\/p>\n<p>Bed linen and Towels, will be changed at your request. ENVIROMENT PROTETION<\/p>\n<div class=\"row\" style=\"color: #555;\">\n<hr \/>\n<div class=\"col-xs-4 col-sm-4\">Meals <a class=\"button_forced\" href=\"http:\/\/moinhodocomandante.com\/2020\/12\/12\/refeicoes\/\">See<\/a><\/div>\n<div class=\"col-xs-4 col-sm-4\"><img loading=\"lazy\" decoding=\"async\" src=\"http:\/\/moinhodocomandante.com\/wp-content\/uploads\/2016\/05\/laundry-2-150x150.png\" width=\"20\" height=\"20\" \/>Laundry: <a class=\"button_forced\" href=\"http:\/\/moinhodocomandante.com\/2016\/05\/24\/lavandaria-condicoes-e-precos\/\">See<\/a><\/div>\n<div class=\"col-xs-4 col-sm-4\"><img loading=\"lazy\" decoding=\"async\" src=\"http:\/\/moinhodocomandante.com\/wp-content\/uploads\/2016\/05\/sauna-icon.png\" width=\"20\" height=\"20\" \/> Wood Sauna: <a class=\"button_forced\" href=\"http:\/\/moinhodocomandante.com\/2016\/06\/01\/sauna-precos-e-condicoes\/\">See<\/a><\/div>\n<\/div>\n<hr \/>\n<p><!--\n\n<span style=\"background-color: yellow; font-size: 25px; font-family: none;\"><strong>NOVO<\/strong><\/span>\u00a0\u00a0\u00a0\u00a0\u00a0\u00a0\u00a0\u00a0\u00a0\u00a0 <span style=\"background-color: yellow; font-size: 16px;\">Sob consulta no Moinho<\/span>\n\n<span style=\"background-color: yellow;\">Fazer P\u00e3o no Moinho. Paula e M\u00e3e, Dona Rosalina<\/span>\n<img decoding=\"async\" src=\"http:\/\/moinhodocomandante.com\/wp-content\/uploads\/2016\/05\/dona-rosalinda.gif\" alt=\"dona-rosalinda\" \/>\n<img decoding=\"async\" src=\"http:\/\/moinhodocomandante.com\/wp-content\/uploads\/2016\/05\/dona-rosalinda2.gif\" alt=\"dona-rosalinda\" \/>\n\n<span style=\"background-color: yellow;\"><strong>Levada Faj\u00e3 da Nogueira<\/strong> acompanha o <strong>Daniel<\/strong> \u00a0\u00a0\u00a0\u00a0\u00a0 ver fotos na Galeria<\/span>\nJeep Moinho - Central da Nogueira e regresso\nPasseio, 01:30 a 03:00 hrs, regresso \u00e0 Central\nApanha de Agri\u00e3o fresco na Ribeira para uma Sopa Rica em casa da L\u00facia, preparada pela Av\u00f3 Nazar\u00e9. Acompanha com Bolo do Caco e Vinho Tinto corrente\n\n<span style=\"background-color: yellow;\"><strong>Refei\u00e7\u00e3o em casa de uma Fam\u00edlia<\/strong><\/span>\nFam\u00edlia Gomes * Av\u00f3 Nazar\u00e9, L\u00facia, Martinho, Liliana, David, Emanuel e Daniel\n<strong>Pratos t\u00edpicos;<\/strong> Sopa de Agri\u00e3o, Espetada Porco Preto, Galinha Caseira e... Coelho Bravo\nAcompanha com Bolo do Caco e Vinho Tinto corrente\n\n\n\n<hr \/>\n\n\n\n<span style=\"background-color: yellow; font-size: 25px; font-family: none;\">CASAMENTO \u2013 GRUPO RESTRITO<\/span>\n<span style=\"background-color: yellow;\">Apoio de LiLy Oliveira \u2013 Consultar\nwww.madeirainlove.com<\/span>\n\n\n<div style=\"display: flex;\">\n\n\n<div style=\"float: left; width: 50%;\"><img decoding=\"async\" src=\"http:\/\/moinhodocomandante.com\/wp-content\/uploads\/2016\/05\/PHOTO-2019-04-28-20-29-45.jpg\" \/><\/div>\n\n\n\n\n<div style=\"float: right; width: 50%;\"><img decoding=\"async\" src=\"http:\/\/moinhodocomandante.com\/wp-content\/uploads\/2016\/05\/PHOTO-2019-04-28-20-29-45-1.jpg\" \/><\/div>\n\n\n<\/div>\n\n\n\n\n<div style=\"display: flex;\">\n\n\n<div style=\"float: left; width: 50%;\"><img decoding=\"async\" src=\"http:\/\/moinhodocomandante.com\/wp-content\/uploads\/2016\/05\/PHOTO-2019-04-28-20-29-45-2-e1556647824682.jpg\" \/><\/div>\n\n\n\n\n<div style=\"float: right; width: 50%;\"><img decoding=\"async\" src=\"http:\/\/moinhodocomandante.com\/wp-content\/uploads\/2016\/05\/PHOTO-2019-04-28-20-29-45-3.jpg\" \/><\/div>\n\n\n<\/div>\n\n\n\n\n<div style=\"display: flex;\">\n\n\n<div style=\"float: left; width: 50%;\"><img decoding=\"async\" src=\"http:\/\/moinhodocomandante.com\/wp-content\/uploads\/2016\/05\/PHOTO-2019-04-28-20-29-45-7.jpg\" \/><\/div>\n\n\n\n\n<div style=\"float: right; width: 50%;\"><img decoding=\"async\" src=\"http:\/\/moinhodocomandante.com\/wp-content\/uploads\/2016\/05\/PHOTO-2019-04-28-20-29-45-6.jpg\" \/><\/div>\n\n\n<\/div>\n\n\n\n\n<div style=\"display: block; margin-left: auto; margin-right: auto; width: 50%;\"><img decoding=\"async\" src=\"http:\/\/moinhodocomandante.com\/wp-content\/uploads\/2016\/05\/PHOTO-2019-04-28-20-29-45-5.jpg\" \/><\/div>\n\n\n-->","protected":false},"excerpt":{"rendered":"<p>\u2022 Ck-in \u00a0\u00a0\u00a0\u00a0\u00a0\u00a0\u00a0\u00a014:00 &#8211; 18:00\u00a0 \u00a0 \u00a0 \u00a0 \u00a0for Late Ck-in, advise to get the entrance code \u2022 Ck-out\u00a0 \u00a0 \u00a0 \u00a0 till\u00a0 \u00a0 \u00a011:30 \u2022 Breakfast\u00a0 \u00a0 \u00a008:00 &#8211; 10:00\u00a0 \u00a0 \u00a0 \u00a0 \u00a0in Regional Kitchen CR Wi\u00a0Fi Free. \u201c COMANDANTE &#8211; moinho123 \u201d + \u201c HUAWEI &#8211; 0 7 J 2 F 2<br \/><a class=\"moretag\" href=\"http:\/\/moinhodocomandante.com\/en\/servicos\/\">+ Read More<\/a><\/p>\n","protected":false},"author":1,"featured_media":0,"parent":0,"menu_order":0,"comment_status":"closed","ping_status":"closed","template":"","meta":{"footnotes":""},"_links":{"self":[{"href":"http:\/\/moinhodocomandante.com\/en\/wp-json\/wp\/v2\/pages\/106"}],"collection":[{"href":"http:\/\/moinhodocomandante.com\/en\/wp-json\/wp\/v2\/pages"}],"about":[{"href":"http:\/\/moinhodocomandante.com\/en\/wp-json\/wp\/v2\/types\/page"}],"author":[{"embeddable":true,"href":"http:\/\/moinhodocomandante.com\/en\/wp-json\/wp\/v2\/users\/1"}],"replies":[{"embeddable":true,"href":"http:\/\/moinhodocomandante.com\/en\/wp-json\/wp\/v2\/comments?post=106"}],"version-history":[{"count":197,"href":"http:\/\/moinhodocomandante.com\/en\/wp-json\/wp\/v2\/pages\/106\/revisions"}],"predecessor-version":[{"id":1412,"href":"http:\/\/moinhodocomandante.com\/en\/wp-json\/wp\/v2\/pages\/106\/revisions\/1412"}],"wp:attachment":[{"href":"http:\/\/moinhodocomandante.com\/en\/wp-json\/wp\/v2\/media?parent=106"}],"curies":[{"name":"wp","href":"https:\/\/api.w.org\/{rel}","templated":true}]}}